{"id":8028,"date":"2018-12-10T03:06:47","date_gmt":"2018-12-10T03:06:47","guid":{"rendered":"http:\/\/travelhotel.wpengine.com\/?page_id=8028"},"modified":"2024-10-30T18:52:09","modified_gmt":"2024-10-30T18:52:09","slug":"sobre-nosotros","status":"publish","type":"page","link":"https:\/\/sabortravel.com\/en\/sobre-nosotros\/","title":{"rendered":"SOBRE NOSOTROS"},"content":{"rendered":"<div data-elementor-type=\"wp-page\" data-elementor-id=\"8028\" class=\"elementor elementor-8028\" data-elementor-post-type=\"page\">\n\t\t\t\t<div class=\"elementor-element elementor-element-504e319 e-flex e-con-boxed e-con e-parent\" data-id=\"504e319\" data-element_type=\"container\" data-settings=\"{&quot;background_background&quot;:&quot;classic&quot;}\">\n\t\t\t\t\t<div class=\"e-con-inner\">\n\t\t\t\t<div class=\"elementor-element elementor-element-2446ca1 elementor-widget elementor-widget-heading\" data-id=\"2446ca1\" data-element_type=\"widget\" data-widget_type=\"heading.default\">\n\t\t\t\t<div class=\"elementor-widget-container\">\n\t\t\t\t\t<h2 class=\"elementor-heading-title elementor-size-default\">SOBRE NOSOTROS<\/h2>\t\t\t\t<\/div>\n\t\t\t\t<\/div>\n\t\t\t\t\t<\/div>\n\t\t\t\t<\/div>\n\t\t\t\t<section class=\"elementor-section elementor-top-section elementor-element elementor-element-6c6ed360 elementor-section-boxed elementor-section-height-default elementor-section-height-default\" data-id=\"6c6ed360\" data-element_type=\"section\">\n\t\t\t\t\t\t<div class=\"elementor-container elementor-column-gap-default\">\n\t\t\t\t\t<div class=\"elementor-column elementor-col-50 elementor-top-column elementor-element elementor-element-701bbfa8\" data-id=\"701bbfa8\" data-element_type=\"column\">\n\t\t\t<div class=\"elementor-widget-wrap elementor-element-populated\">\n\t\t\t\t\t\t<div class=\"elementor-element elementor-element-23be7e3a elementor-widget elementor-widget-text-editor\" data-id=\"23be7e3a\" data-element_type=\"widget\" data-widget_type=\"text-editor.default\">\n\t\t\t\t<div class=\"elementor-widget-container\">\n\t\t\t\t\t\t\t\t\t<p>Sabor Turismo\u00a0fue fundado\u00a0en 2019 en Cappadocia<\/p><p>Coma equipo\u00a0con a\u00f1os de experincia estamas trabajando 24\/7 para ofrecerle \u201cLa Major Experiencia de vacaciones de Su Vida\u201d<\/p><p>Hacemos la diferencia con la forma en que trabajamos.<\/p><p>\u00a0<\/p>\t\t\t\t\t\t\t\t<\/div>\n\t\t\t\t<\/div>\n\t\t\t\t<div class=\"elementor-element elementor-element-2e10f2e1 elementor-widget elementor-widget-image\" data-id=\"2e10f2e1\" data-element_type=\"widget\" data-widget_type=\"image.default\">\n\t\t\t\t<div class=\"elementor-widget-container\">\n\t\t\t\t\t\t\t\t\t\t\t\t\t\t\t<img decoding=\"async\" src=\"https:\/\/sabortravel.com\/wp-content\/uploads\/2024\/10\/29751672-21a5-4dd0-b8e5-0ac110f8ec2a-1200x1200.jpg\" title=\"29751672-21a5-4dd0-b8e5-0ac110f8ec2a\" alt=\"29751672-21a5-4dd0-b8e5-0ac110f8ec2a\" loading=\"lazy\" \/>\t\t\t\t\t\t\t\t\t\t\t\t\t\t\t<\/div>\n\t\t\t\t<\/div>\n\t\t\t\t\t<\/div>\n\t\t<\/div>\n\t\t\t\t<div class=\"elementor-column elementor-col-50 elementor-top-column elementor-element elementor-element-35e19c37\" data-id=\"35e19c37\" data-element_type=\"column\">\n\t\t\t<div class=\"elementor-widget-wrap elementor-element-populated\">\n\t\t\t\t\t\t<div class=\"elementor-element elementor-element-35658c1f elementor-widget elementor-widget-text-editor\" data-id=\"35658c1f\" data-element_type=\"widget\" data-widget_type=\"text-editor.default\">\n\t\t\t\t<div class=\"elementor-widget-container\">\n\t\t\t\t\t\t\t\t\t<p>Le escuchamas primero y luego tratamos de ofrecerle varias opciones, trabajamos juntos para determinar El Mejor Paquete de Excursi\u00f3n de Turqia\u201d en base de sus deseos, tiempo y presupuesto.<\/p><p>Antes de venir a Turqia hacemos cuidadosamente todas las prereservas del programa que contratamos, organizamos todo con anticipacion por una vacaci\u00f3n completa.<\/p>\t\t\t\t\t\t\t\t<\/div>\n\t\t\t\t<\/div>\n\t\t\t\t<div class=\"elementor-element elementor-element-7a68534c elementor-widget elementor-widget-image\" data-id=\"7a68534c\" data-element_type=\"widget\" data-widget_type=\"image.default\">\n\t\t\t\t<div class=\"elementor-widget-container\">\n\t\t\t\t\t\t\t\t\t\t\t\t\t\t\t<img decoding=\"async\" src=\"https:\/\/sabortravel.com\/wp-content\/uploads\/2024\/10\/7297467b-a8e5-4326-957e-90539af8ea4b-1200x1200.jpg\" title=\"7297467b-a8e5-4326-957e-90539af8ea4b\" alt=\"7297467b-a8e5-4326-957e-90539af8ea4b\" loading=\"lazy\" \/>\t\t\t\t\t\t\t\t\t\t\t\t\t\t\t<\/div>\n\t\t\t\t<\/div>\n\t\t\t\t\t<\/div>\n\t\t<\/div>\n\t\t\t\t\t<\/div>\n\t\t<\/section>\n\t\t\t\t<section class=\"elementor-section elementor-top-section elementor-element elementor-element-685e987 elementor-section-boxed elementor-section-height-default elementor-section-height-default\" data-id=\"685e987\" data-element_type=\"section\">\n\t\t\t\t\t\t<div class=\"elementor-container elementor-column-gap-default\">\n\t\t\t\t\t<div class=\"elementor-column elementor-col-50 elementor-top-column elementor-element elementor-element-51d2740\" data-id=\"51d2740\" data-element_type=\"column\">\n\t\t\t<div class=\"elementor-widget-wrap elementor-element-populated\">\n\t\t\t\t\t\t<div class=\"elementor-element elementor-element-803cff7 elementor-widget elementor-widget-heading\" data-id=\"803cff7\" data-element_type=\"widget\" data-widget_type=\"heading.default\">\n\t\t\t\t<div class=\"elementor-widget-container\">\n\t\t\t\t\t<h2 class=\"elementor-heading-title elementor-size-default\">Nuestras clientes felices<\/h2>\t\t\t\t<\/div>\n\t\t\t\t<\/div>\n\t\t\t\t\t<\/div>\n\t\t<\/div>\n\t\t\t\t<div class=\"elementor-column elementor-col-50 elementor-top-column elementor-element elementor-element-0c9d73b\" data-id=\"0c9d73b\" data-element_type=\"column\">\n\t\t\t<div class=\"elementor-widget-wrap elementor-element-populated\">\n\t\t\t\t\t\t<div class=\"elementor-element elementor-element-549a9db elementor-widget elementor-widget-image\" data-id=\"549a9db\" data-element_type=\"widget\" data-widget_type=\"image.default\">\n\t\t\t\t<div class=\"elementor-widget-container\">\n\t\t\t\t\t\t\t\t\t\t\t\t\t\t\t\t<a href=\"https:\/\/www.tripadvisor.com.tr\/Attraction_Review-g297983-d23168611-Reviews-or10-Sabor_Travel-Goreme_Cappadocia.html#REVIEWS\" target=\"_blank\">\n\t\t\t\t\t\t\t<img fetchpriority=\"high\" decoding=\"async\" width=\"2158\" height=\"459\" src=\"https:\/\/sabortravel.com\/wp-content\/uploads\/2024\/10\/tripadvisor-logo-1-1.png\" class=\"attachment-full size-full wp-image-10268\" alt=\"\" srcset=\"https:\/\/sabortravel.com\/wp-content\/uploads\/2024\/10\/tripadvisor-logo-1-1.png 2158w, https:\/\/sabortravel.com\/wp-content\/uploads\/2024\/10\/tripadvisor-logo-1-1-768x163.png 768w, https:\/\/sabortravel.com\/wp-content\/uploads\/2024\/10\/tripadvisor-logo-1-1-600x127.png 600w\" sizes=\"(max-width: 2158px) 100vw, 2158px\" \/>\t\t\t\t\t\t\t\t<\/a>\n\t\t\t\t\t\t\t\t\t\t\t\t\t\t\t<\/div>\n\t\t\t\t<\/div>\n\t\t\t\t\t<\/div>\n\t\t<\/div>\n\t\t\t\t\t<\/div>\n\t\t<\/section>\n\t\t\t\t<section class=\"elementor-section elementor-top-section elementor-element elementor-element-552a433 elementor-section-boxed elementor-section-height-default elementor-section-height-default\" data-id=\"552a433\" data-element_type=\"section\">\n\t\t\t\t\t\t<div class=\"elementor-container elementor-column-gap-default\">\n\t\t\t\t\t<div class=\"elementor-column elementor-col-100 elementor-top-column elementor-element elementor-element-6a50934\" data-id=\"6a50934\" data-element_type=\"column\">\n\t\t\t<div class=\"elementor-widget-wrap elementor-element-populated\">\n\t\t\t\t\t\t<div class=\"elementor-element elementor-element-a046e53 elementor-widget elementor-widget-st_testimonial\" data-id=\"a046e53\" data-element_type=\"widget\" data-settings=\"{&quot;slides_per_view&quot;:&quot;3&quot;}\" data-widget_type=\"st_testimonial.default\">\n\t\t\t\t<div class=\"elementor-widget-container\">\n\t\t\t\t\t    <div class=\"st-testimonial\"\r\n        data-effect=\"creative\" data-slides-per-view=\"3\" data-pagination=\"on\" data-navigation=\"on\" data-auto-play=\"on\" data-loop=\"\" data-delay=\"3000\"        >\r\n\r\n        <div class=\"testimonial-wrapper  swiper-container\">\r\n                            <div class=\"swiper-wrapper\">\r\n                                            <div class=\"item-testimonial st-style-slider swiper-slide\">\r\n                                                        <div class=\"item service-border st-border-radius\">\r\n                                    <div class=\"d-flex align-items-center head-tesimonial\">\r\n                                                                                    <img decoding=\"async\" class=\"st-avatar\" src=\"https:\/\/sabortravel.com\/wp-content\/uploads\/2024\/10\/tripadvisor-logo-circle-owl-icon-black-green-858x858-1.png\" alt=\"Thai\">\r\n                                                                                <div class=\"author-meta author-meta-lib\">\r\n                                            <h4>Thai<\/h4>\r\n                                                                                                    <i class=\"fa fa-star\"><\/i>\r\n                                                                                                            <i class=\"fa fa-star\"><\/i>\r\n                                                                                                            <i class=\"fa fa-star\"><\/i>\r\n                                                                                                            <i class=\"fa fa-star\"><\/i>\r\n                                                                                                            <i class=\"fa fa-star\"><\/i>\r\n                                                                                            <\/div>\r\n                                    <\/div>\r\n                                    <p class=\"st-content st-content-lib\">\r\n                                        Guia super competente maravilhosa, portugu\u00eas perfeito muito paciente , educada e simp\u00e1tica a melhor de Capadoccia aconselho de olhos fechados. Nota 1000\ud83c\udf38\n\n                                    <\/p>\r\n                                <\/div>\r\n                            \r\n                    <\/div>\r\n                                    <div class=\"item-testimonial st-style-slider swiper-slide\">\r\n                                                        <div class=\"item service-border st-border-radius\">\r\n                                    <div class=\"d-flex align-items-center head-tesimonial\">\r\n                                                                                    <img decoding=\"async\" class=\"st-avatar\" src=\"https:\/\/sabortravel.com\/wp-content\/uploads\/2024\/10\/tripadvisor-logo-circle-owl-icon-black-green-858x858-1.png\" alt=\"michelle d\">\r\n                                                                                <div class=\"author-meta author-meta-lib\">\r\n                                            <h4>michelle d<\/h4>\r\n                                                                                                    <i class=\"fa fa-star\"><\/i>\r\n                                                                                                            <i class=\"fa fa-star\"><\/i>\r\n                                                                                                            <i class=\"fa fa-star\"><\/i>\r\n                                                                                                            <i class=\"fa fa-star\"><\/i>\r\n                                                                                                            <i class=\"fa fa-star\"><\/i>\r\n                                                                                            <\/div>\r\n                                    <\/div>\r\n                                    <p class=\"st-content st-content-lib\">\r\n                                        Super guia *l\ud83d\udc90 pessoal \u00f3tima Muito profissional\nFala portugu\u00eas excelente aconselho muito Muito obrigada Pela paci\u00eancia\ud83d\ude4f\ud83c\udffd                                    <\/p>\r\n                                <\/div>\r\n                            \r\n                    <\/div>\r\n                                    <div class=\"item-testimonial st-style-slider swiper-slide\">\r\n                                                        <div class=\"item service-border st-border-radius\">\r\n                                    <div class=\"d-flex align-items-center head-tesimonial\">\r\n                                                                                    <img decoding=\"async\" class=\"st-avatar\" src=\"https:\/\/sabortravel.com\/wp-content\/uploads\/2024\/10\/tripadvisor-logo-circle-owl-icon-black-green-858x858-1.png\" alt=\"Debora D\">\r\n                                                                                <div class=\"author-meta author-meta-lib\">\r\n                                            <h4>Debora D<\/h4>\r\n                                                                                                    <i class=\"fa fa-star\"><\/i>\r\n                                                                                                            <i class=\"fa fa-star\"><\/i>\r\n                                                                                                            <i class=\"fa fa-star\"><\/i>\r\n                                                                                                            <i class=\"fa fa-star\"><\/i>\r\n                                                                                                            <i class=\"fa fa-star\"><\/i>\r\n                                                                                            <\/div>\r\n                                    <\/div>\r\n                                    <p class=\"st-content st-content-lib\">\r\n                                        Banu \u00e9 maravilhosa, super atenciosa, conhece muita hist\u00f3ria, nos levou em lugares lindos, organizou tours, e nos deu dicas do que fazer e onde comer.\n\n                                    <\/p>\r\n                                <\/div>\r\n                            \r\n                    <\/div>\r\n                                    <div class=\"item-testimonial st-style-slider swiper-slide\">\r\n                                                        <div class=\"item service-border st-border-radius\">\r\n                                    <div class=\"d-flex align-items-center head-tesimonial\">\r\n                                                                                    <img decoding=\"async\" class=\"st-avatar\" src=\"https:\/\/sabortravel.com\/wp-content\/uploads\/2024\/10\/tripadvisor-logo-circle-owl-icon-black-green-858x858-1.png\" alt=\"\u00c1urea M\">\r\n                                                                                <div class=\"author-meta author-meta-lib\">\r\n                                            <h4>\u00c1urea M<\/h4>\r\n                                                                                                    <i class=\"fa fa-star\"><\/i>\r\n                                                                                                            <i class=\"fa fa-star\"><\/i>\r\n                                                                                                            <i class=\"fa fa-star\"><\/i>\r\n                                                                                                            <i class=\"fa fa-star\"><\/i>\r\n                                                                                                            <i class=\"fa fa-star\"><\/i>\r\n                                                                                            <\/div>\r\n                                    <\/div>\r\n                                    <p class=\"st-content st-content-lib\">\r\n                                        A Capad\u00f3cia \u00e9 um lugar m\u00e1gico e com a ajuda e as orienta\u00e7\u00f5es da Banu, tudo foi perfeito. Ela monta um \u00f3timo roteiro para passeio pelos principais pontos da Capad\u00f3cia.\n\n                                    <\/p>\r\n                                <\/div>\r\n                            \r\n                    <\/div>\r\n                \r\n\r\n                            <\/div>\r\n            \r\n\t\t\t<div class=\"swiper-pagination\"><\/div><div class=\"st-button-prev\"><span><\/span><\/div><div class=\"st-button-next\"><span><\/span><\/div>        <\/div>\r\n    <\/div>\r\n\t\t\t\t<\/div>\n\t\t\t\t<\/div>\n\t\t\t\t\t<\/div>\n\t\t<\/div>\n\t\t\t\t\t<\/div>\n\t\t<\/section>\n\t\t\t\t<\/div>","protected":false},"excerpt":{"rendered":"<p>Sabor Turismo\u00a0fue fundado\u00a0en 2019 en Cappadocia Coma equipo\u00a0con a\u00f1os de experincia estamas trabajando 24\/7 para ofrecerle \u201cLa Major Experiencia de vacaciones de Su Vida\u201d Hacemos la diferencia con la forma en que trabajamos. \u00a0 Le escuchamas primero y luego tratamos de ofrecerle varias opciones, trabajamos juntos para determinar El Mejor Paquete de Excursi\u00f3n de Turqia\u201d [&hellip;]<\/p>","protected":false},"author":1,"featured_media":8141,"parent":0,"menu_order":0,"comment_status":"closed","ping_status":"closed","template":"elementor_header_footer","meta":{"_joinchat":[],"footnotes":""},"class_list":["post-8028","page","type-page","status-publish","has-post-thumbnail","hentry"],"_links":{"self":[{"href":"https:\/\/sabortravel.com\/en\/wp-json\/wp\/v2\/pages\/8028","targetHints":{"allow":["GET"]}}],"collection":[{"href":"https:\/\/sabortravel.com\/en\/wp-json\/wp\/v2\/pages"}],"about":[{"href":"https:\/\/sabortravel.com\/en\/wp-json\/wp\/v2\/types\/page"}],"author":[{"embeddable":true,"href":"https:\/\/sabortravel.com\/en\/wp-json\/wp\/v2\/users\/1"}],"replies":[{"embeddable":true,"href":"https:\/\/sabortravel.com\/en\/wp-json\/wp\/v2\/comments?post=8028"}],"version-history":[{"count":33,"href":"https:\/\/sabortravel.com\/en\/wp-json\/wp\/v2\/pages\/8028\/revisions"}],"predecessor-version":[{"id":10393,"href":"https:\/\/sabortravel.com\/en\/wp-json\/wp\/v2\/pages\/8028\/revisions\/10393"}],"wp:featuredmedia":[{"embeddable":true,"href":"https:\/\/sabortravel.com\/en\/wp-json\/"}],"wp:attachment":[{"href":"https:\/\/sabortravel.com\/en\/wp-json\/wp\/v2\/media?parent=8028"}],"curies":[{"name":"wp","href":"https:\/\/api.w.org\/{rel}","templated":true}]}}